{"id":1035,"date":"2024-02-08T07:04:27","date_gmt":"2024-02-08T12:04:27","guid":{"rendered":"https:\/\/pidz.live\/chat\/?page_id=1035"},"modified":"2025-05-10T12:57:55","modified_gmt":"2025-05-10T16:57:55","slug":"manufacturier","status":"publish","type":"page","link":"https:\/\/pidz.live\/chat\/manufacturier\/","title":{"rendered":"manufacturier"},"content":{"rendered":"<p>[et_pb_section fb_built=\u00a0\u00bb1&Prime; admin_label=\u00a0\u00bbServices\u00a0\u00bb _builder_version=\u00a0\u00bb4.19.2&Prime; _module_preset=\u00a0\u00bbdefault\u00a0\u00bb custom_padding=\u00a0\u00bb11px||7px|||\u00a0\u00bb collapsed=\u00a0\u00bbon\u00a0\u00bb global_colors_info=\u00a0\u00bb{}\u00a0\u00bb][et_pb_row _builder_version=\u00a0\u00bb4.19.2&Prime; _module_preset=\u00a0\u00bbdefault\u00a0\u00bb custom_padding=\u00a0\u00bb16px||2px|||\u00a0\u00bb global_colors_info=\u00a0\u00bb{}\u00a0\u00bb][et_pb_column type=\u00a0\u00bb4_4&Prime; _builder_version=\u00a0\u00bb4.19.2&Prime; _module_preset=\u00a0\u00bbdefault\u00a0\u00bb global_colors_info=\u00a0\u00bb{}\u00a0\u00bb][et_pb_text _builder_version=\u00a0\u00bb4.19.2&Prime; _module_preset=\u00a0\u00bbfbaf2806-68d9-4a21-9c82-7a578e30609f\u00a0\u00bb custom_margin=\u00a0\u00bb||-9px|||\u00a0\u00bb global_colors_info=\u00a0\u00bb{}\u00a0\u00bb]<\/p>\n<h1>services web (manufacturier)<\/h1>\n<p>[\/et_pb_text][\/et_pb_column][\/et_pb_row][et_pb_row column_structure=\u00a0\u00bb2_5,3_5&Prime; _builder_version=\u00a0\u00bb4.19.2&Prime; _module_preset=\u00a0\u00bbdefault\u00a0\u00bb custom_padding=\u00a0\u00bb5px|||||\u00a0\u00bb global_colors_info=\u00a0\u00bb{}\u00a0\u00bb][et_pb_column type=\u00a0\u00bb2_5&Prime; _builder_version=\u00a0\u00bb4.19.2&Prime; _module_preset=\u00a0\u00bbdefault\u00a0\u00bb global_colors_info=\u00a0\u00bb{}\u00a0\u00bb][et_pb_text _builder_version=\u00a0\u00bb4.19.2&Prime; _module_preset=\u00a0\u00bbcca56198-336d-45f7-8e6d-ff5a2da241c5&Prime; global_colors_info=\u00a0\u00bb{}\u00a0\u00bb]<\/p>\n<h3>soutien en temps r\u00e9el &amp; intelligence artificielle<\/h3>\n<p>[\/et_pb_text][\/et_pb_column][et_pb_column type=\u00a0\u00bb3_5&Prime; _builder_version=\u00a0\u00bb4.19.2&Prime; _module_preset=\u00a0\u00bbdefault\u00a0\u00bb global_colors_info=\u00a0\u00bb{}\u00a0\u00bb][et_pb_text _builder_version=\u00a0\u00bb4.19.2&Prime; _module_preset=\u00a0\u00bbacf62bff-12e2-4ca0-bd77-8d5fcbc86e9e\u00a0\u00bb global_colors_info=\u00a0\u00bb{}\u00a0\u00bb]<\/p>\n<p>Depuis de nombreuse ann\u00e9es la technologie permet de <a href=\"https:\/\/pidz.live\/dot\/soutien_distance\">r\u00e9pondre \u00e0 l&rsquo;utilisateur en temps r\u00e9el<\/a>, cette approche tr\u00e8s ponctuelle permet en \u00e9vidence d&rsquo;offrir d&rsquo;excellentes prestations et une r\u00e9ponse instantan\u00e9e aux professionnels sur le site. Ce service prend souvent la forme d&rsquo;une asssistance virtuelle mais dans les faits, il est bien plus, car permet d&rsquo;<a href=\"https:\/\/pidz.live\/dot\/accessible\">\u00eatre en contact direct avec votre client<\/a>, donc connect\u00e9 directement avec ses demandes, qu&rsquo;elles soient en amont du processus de vente ou compl\u00e8tement en aval lors du renouvellement du service ou du soutien par l&rsquo;\u00e9quipe.<\/p>\n<p>[\/et_pb_text][\/et_pb_column][\/et_pb_row][et_pb_row column_structure=\u00a0\u00bb2_5,3_5&Prime; _builder_version=\u00a0\u00bb4.19.2&Prime; _module_preset=\u00a0\u00bbdefault\u00a0\u00bb global_colors_info=\u00a0\u00bb{}\u00a0\u00bb][et_pb_column type=\u00a0\u00bb2_5&Prime; _builder_version=\u00a0\u00bb4.19.2&Prime; _module_preset=\u00a0\u00bbdefault\u00a0\u00bb global_colors_info=\u00a0\u00bb{}\u00a0\u00bb][et_pb_text _builder_version=\u00a0\u00bb4.19.2&Prime; _module_preset=\u00a0\u00bbcca56198-336d-45f7-8e6d-ff5a2da241c5&Prime; global_colors_info=\u00a0\u00bb{}\u00a0\u00bb]<\/p>\n<h3><a href=\"https:\/\/pidz.live\/dot\/progiciel\">progiciels de gestion<\/a> d&rsquo;entreprise<\/h3>\n<p>[\/et_pb_text][\/et_pb_column][et_pb_column type=\u00a0\u00bb3_5&Prime; _builder_version=\u00a0\u00bb4.19.2&Prime; _module_preset=\u00a0\u00bbdefault\u00a0\u00bb global_colors_info=\u00a0\u00bb{}\u00a0\u00bb][et_pb_text _builder_version=\u00a0\u00bb4.19.2&Prime; _module_preset=\u00a0\u00bbacf62bff-12e2-4ca0-bd77-8d5fcbc86e9e\u00a0\u00bb global_colors_info=\u00a0\u00bb{}\u00a0\u00bb]<\/p>\n<p>Plusieurs outils existent et d&rsquo;un <a href=\"https:\/\/pidz.live\/dot\/progiciel\">projet de syst\u00e8me de gestion<\/a> \u00e0 l&rsquo;autre le principe reste toujours le m\u00eame \u00ab\u00a0le facteur d&rsquo;\u00e9chec dans l&rsquo;implantation de ces outils est l&rsquo;humain!\u00a0\u00bb. Nous avons donc une approche de d\u00e9ploiement tr\u00e8s pr\u00e9cise qui va de pair avec l&rsquo;\u00e9quipe de gestion de l&rsquo;entreprise.<\/p>\n<p>Nul besoin de se complexifier d&rsquo;avantage la t\u00e2che avec de lourds syst\u00e8mes, la r\u00e9ponse \u00e0 cette question pour augmenter les chances de succ\u00e8s se retrouve souvent dans le processus de l&rsquo;entreprise.<\/p>\n<p>[\/et_pb_text][\/et_pb_column][\/et_pb_row][et_pb_row column_structure=\u00a0\u00bb2_5,3_5&Prime; _builder_version=\u00a0\u00bb4.19.2&Prime; _module_preset=\u00a0\u00bbdefault\u00a0\u00bb global_colors_info=\u00a0\u00bb{}\u00a0\u00bb][et_pb_column type=\u00a0\u00bb2_5&Prime; _builder_version=\u00a0\u00bb4.19.2&Prime; _module_preset=\u00a0\u00bbdefault\u00a0\u00bb global_colors_info=\u00a0\u00bb{}\u00a0\u00bb][et_pb_text _builder_version=\u00a0\u00bb4.19.2&Prime; _module_preset=\u00a0\u00bbcca56198-336d-45f7-8e6d-ff5a2da241c5&Prime; global_colors_info=\u00a0\u00bb{}\u00a0\u00bb]<\/p>\n<h3>relation avec la client\u00e8le, automatisation &amp; communication de masse<\/h3>\n<p>[\/et_pb_text][\/et_pb_column][et_pb_column type=\u00a0\u00bb3_5&Prime; _builder_version=\u00a0\u00bb4.19.2&Prime; _module_preset=\u00a0\u00bbdefault\u00a0\u00bb global_colors_info=\u00a0\u00bb{}\u00a0\u00bb][et_pb_text _builder_version=\u00a0\u00bb4.19.2&Prime; _module_preset=\u00a0\u00bbacf62bff-12e2-4ca0-bd77-8d5fcbc86e9e\u00a0\u00bb global_colors_info=\u00a0\u00bb{}\u00a0\u00bb]<\/p>\n<p>Avec autant d&rsquo;amis(es), aussi bien d\u00e9marrer une compagnie&#8230; Comment personnaliser l&rsquo;approche avec autant de consommateurs en qu\u00eates de la nouvelle tendance ou la nouvelle version soit d&rsquo;un service, d&rsquo;un produit ou d&rsquo;une simple innovation d&rsquo;un nouveau fournisseur. La <a href=\"https:\/\/pidz.live\/dot\/crm\">gestion de relation client n&rsquo;est pas un outil<\/a>, d\u00e9sol\u00e9 de vous l&rsquo;apprendre! Il existe \u00e9galement des outils pour \u00eatre plus efficient et prioriser les opportunit\u00e9s, c&rsquo;est un processus simple.<\/p>\n<p>[\/et_pb_text][\/et_pb_column][\/et_pb_row][et_pb_row column_structure=\u00a0\u00bb2_5,3_5&Prime; _builder_version=\u00a0\u00bb4.19.2&Prime; _module_preset=\u00a0\u00bbdefault\u00a0\u00bb global_colors_info=\u00a0\u00bb{}\u00a0\u00bb][et_pb_column type=\u00a0\u00bb2_5&Prime; _builder_version=\u00a0\u00bb4.19.2&Prime; _module_preset=\u00a0\u00bbdefault\u00a0\u00bb global_colors_info=\u00a0\u00bb{}\u00a0\u00bb][et_pb_text _builder_version=\u00a0\u00bb4.19.2&Prime; _module_preset=\u00a0\u00bbcca56198-336d-45f7-8e6d-ff5a2da241c5&Prime; global_colors_info=\u00a0\u00bb{}\u00a0\u00bb]<\/p>\n<h3>gestion de projets, suivi d&rsquo;incidents, base de connaissances, recherche &amp; am\u00e9lioration de produits<\/h3>\n<p>[\/et_pb_text][\/et_pb_column][et_pb_column type=\u00a0\u00bb3_5&Prime; _builder_version=\u00a0\u00bb4.19.2&Prime; _module_preset=\u00a0\u00bbdefault\u00a0\u00bb global_colors_info=\u00a0\u00bb{}\u00a0\u00bb][et_pb_text _builder_version=\u00a0\u00bb4.19.2&Prime; _module_preset=\u00a0\u00bbacf62bff-12e2-4ca0-bd77-8d5fcbc86e9e\u00a0\u00bb global_colors_info=\u00a0\u00bb{}\u00a0\u00bb]<\/p>\n<p>Notre approche est particuli\u00e8re et peut se distinguer de la v\u00f4tre. Nous appliquons les <a href=\"https:\/\/pidz.live\/dot\/gestion_de_projet\">meilleures pratiques d&rsquo;affaires<\/a> dans notre technique de gestion que vous pouvez qualifier certainement d&rsquo;agile. Vous n&rsquo;\u00eates pas sans savoir l&rsquo;importante masse d&rsquo;information que g\u00e9n\u00e8re la client\u00e8le, et bien ces informations dans tout les \u00e9tapes du cycle de vie de votre produit est un secret bien gard\u00e9 qui permet d&rsquo;innover &amp; d&rsquo;am\u00e9liorer. Nous utilisons certe ces pratiques mais l&rsquo;offrons aussi comme services au client afin de le soutenir \u00e0 diff\u00e9rentes \u00e9tapes du cycle de vie de ses produits.<\/p>\n<p>[\/et_pb_text][\/et_pb_column][\/et_pb_row][et_pb_row column_structure=\u00a0\u00bb2_5,3_5&Prime; _builder_version=\u00a0\u00bb4.19.2&Prime; _module_preset=\u00a0\u00bbdefault\u00a0\u00bb global_colors_info=\u00a0\u00bb{}\u00a0\u00bb custom_padding=\u00a0\u00bb||8px|||\u00a0\u00bb][et_pb_column type=\u00a0\u00bb2_5&Prime; _builder_version=\u00a0\u00bb4.19.2&Prime; _module_preset=\u00a0\u00bbdefault\u00a0\u00bb global_colors_info=\u00a0\u00bb{}\u00a0\u00bb][et_pb_text _builder_version=\u00a0\u00bb4.19.2&Prime; _module_preset=\u00a0\u00bbcca56198-336d-45f7-8e6d-ff5a2da241c5&Prime; global_colors_info=\u00a0\u00bb{}\u00a0\u00bb]<\/p>\n<h3><a href=\"https:\/\/pidz.live\/dot\/canal_de_vente\">canal de vente<\/a> &amp; connections \u00e0 l&rsquo;utilisateur(trice)<\/h3>\n<p>[\/et_pb_text][\/et_pb_column][et_pb_column type=\u00a0\u00bb3_5&Prime; _builder_version=\u00a0\u00bb4.19.2&Prime; _module_preset=\u00a0\u00bbdefault\u00a0\u00bb global_colors_info=\u00a0\u00bb{}\u00a0\u00bb][et_pb_text _builder_version=\u00a0\u00bb4.19.2&Prime; _module_preset=\u00a0\u00bbacf62bff-12e2-4ca0-bd77-8d5fcbc86e9e\u00a0\u00bb global_colors_info=\u00a0\u00bb{}\u00a0\u00bb]<\/p>\n<p>Rien de plus d\u00e9cevant que d&rsquo;<a href=\"https:\/\/pidz.live\/dot\/canal_de_vente\">avoir une demande pour ses produits<\/a> et que le client passe aux mains d&rsquo;un concurrent pour une simple demande non r\u00e9pondu, ou une manifestation mal interpr\u00e9t\u00e9e en production. Nous offrons ce service autant en amont qu&rsquo;en aval d&rsquo;assurer le <a href=\"https:\/\/pidz.live\/dot\/canal_de_vente\">lien entre l&rsquo;acheteur &amp; le fournisseur<\/a>. Que ce lien soit une passerelle de paiement ou simplement une interaction au niveau du service \u00e0 la client\u00e8le, nous avons cette facilit\u00e9 \u00e0 livrer avec promptitude ce service.<\/p>\n<p>[\/et_pb_text][\/et_pb_column][\/et_pb_row][et_pb_row column_structure=\u00a0\u00bb1_3,1_3,1_3&Prime; _builder_version=\u00a0\u00bb4.27.3&Prime; _module_preset=\u00a0\u00bbdefault\u00a0\u00bb custom_padding=\u00a0\u00bb||1px|||\u00a0\u00bb saved_tabs=\u00a0\u00bball\u00a0\u00bb global_colors_info=\u00a0\u00bb{}\u00a0\u00bb global_module=\u00a0\u00bb1566&Prime; theme_builder_area=\u00a0\u00bbpost_content\u00a0\u00bb][et_pb_column type=\u00a0\u00bb1_3&Prime; _builder_version=\u00a0\u00bb4.27.3&Prime; _module_preset=\u00a0\u00bbdefault\u00a0\u00bb global_colors_info=\u00a0\u00bb{}\u00a0\u00bb theme_builder_area=\u00a0\u00bbpost_content\u00a0\u00bb][et_pb_image src=\u00a0\u00bbhttps:\/\/pidz.live\/chat\/wp-content\/uploads\/2025\/05\/urban-clothing-logo-maker-featuring-a-cool-boy-graphic-697c-el1.png\u00a0\u00bb title_text=\u00a0\u00bburban-clothing-logo-maker-featuring-a-cool-boy-graphic-697c-el1&Prime; url=\u00a0\u00bbhttps:\/\/pidz.live\/chat\/services\/\u00a0\u00bb align=\u00a0\u00bbcenter\u00a0\u00bb _builder_version=\u00a0\u00bb4.27.3&Prime; _module_preset=\u00a0\u00bbdefault\u00a0\u00bb global_colors_info=\u00a0\u00bb{}\u00a0\u00bb theme_builder_area=\u00a0\u00bbpost_content\u00a0\u00bb][\/et_pb_image][\/et_pb_column][et_pb_column type=\u00a0\u00bb1_3&Prime; _builder_version=\u00a0\u00bb4.27.3&Prime; _module_preset=\u00a0\u00bbdefault\u00a0\u00bb global_colors_info=\u00a0\u00bb{}\u00a0\u00bb theme_builder_area=\u00a0\u00bbpost_content\u00a0\u00bb][et_pb_image src=\u00a0\u00bbhttps:\/\/pidz.live\/chat\/wp-content\/uploads\/2025\/05\/novelist-logo-maker-1306b.png\u00a0\u00bb title_text=\u00a0\u00bbnovelist-logo-maker-1306b\u00a0\u00bb url=\u00a0\u00bbhttps:\/\/pidz.live\/chat\/services\/\u00a0\u00bb align=\u00a0\u00bbcenter\u00a0\u00bb _builder_version=\u00a0\u00bb4.27.3&Prime; _module_preset=\u00a0\u00bbdefault\u00a0\u00bb global_colors_info=\u00a0\u00bb{}\u00a0\u00bb theme_builder_area=\u00a0\u00bbpost_content\u00a0\u00bb][\/et_pb_image][\/et_pb_column][et_pb_column type=\u00a0\u00bb1_3&Prime; _builder_version=\u00a0\u00bb4.27.3&Prime; _module_preset=\u00a0\u00bbdefault\u00a0\u00bb global_colors_info=\u00a0\u00bb{}\u00a0\u00bb theme_builder_area=\u00a0\u00bbpost_content\u00a0\u00bb][et_pb_image src=\u00a0\u00bbhttps:\/\/pidz.live\/chat\/wp-content\/uploads\/2025\/05\/gaming-logo-maker-featuring-minimalist-gleaming-graphics-3035.png\u00a0\u00bb title_text=\u00a0\u00bbgaming-logo-maker-featuring-minimalist-gleaming-graphics-3035&Prime; url=\u00a0\u00bbhttp:\/\/www.indexation.com\u00a0\u00bb align=\u00a0\u00bbcenter\u00a0\u00bb _builder_version=\u00a0\u00bb4.27.3&Prime; _module_preset=\u00a0\u00bbdefault\u00a0\u00bb global_colors_info=\u00a0\u00bb{}\u00a0\u00bb theme_builder_area=\u00a0\u00bbpost_content\u00a0\u00bb][\/et_pb_image][\/et_pb_column][\/et_pb_row][\/et_pb_section][et_pb_section fb_built=\u00a0\u00bb1&Prime; admin_label=\u00a0\u00bbService\u00a0\u00bb _builder_version=\u00a0\u00bb4.19.2&Prime; _module_preset=\u00a0\u00bbdefault\u00a0\u00bb custom_padding=\u00a0\u00bb0px|||||\u00a0\u00bb collapsed=\u00a0\u00bbon\u00a0\u00bb global_colors_info=\u00a0\u00bb{}\u00a0\u00bb][et_pb_row column_structure=\u00a0\u00bb1_2,1_2&Prime; _builder_version=\u00a0\u00bb4.19.2&Prime; _module_preset=\u00a0\u00bbdefault\u00a0\u00bb global_colors_info=\u00a0\u00bb{}\u00a0\u00bb custom_padding=\u00a0\u00bb6px|||||\u00a0\u00bb][et_pb_column type=\u00a0\u00bb1_2&Prime; _builder_version=\u00a0\u00bb4.19.2&Prime; _module_preset=\u00a0\u00bbdefault\u00a0\u00bb custom_padding=\u00a0\u00bb|8%|||false|false\u00a0\u00bb global_colors_info=\u00a0\u00bb{}\u00a0\u00bb][et_pb_image src=\u00a0\u00bbhttps:\/\/pidz.live\/chat\/wp-content\/uploads\/2024\/02\/civil-engineering-32.jpg\u00a0\u00bb title_text=\u00a0\u00bbcivil-engineering-32&Prime; align=\u00a0\u00bbright\u00a0\u00bb _builder_version=\u00a0\u00bb4.19.2&Prime; _module_preset=\u00a0\u00bbdefault\u00a0\u00bb custom_margin=\u00a0\u00bb||0px|-30vw|false|false\u00a0\u00bb global_colors_info=\u00a0\u00bb{}\u00a0\u00bb][\/et_pb_image][et_pb_image src=\u00a0\u00bbhttps:\/\/pidz.live\/chat\/wp-content\/uploads\/2024\/02\/civil-engineering-26.png\u00a0\u00bb title_text=\u00a0\u00bbcivil-engineering-26&Prime; align=\u00a0\u00bbright\u00a0\u00bb _builder_version=\u00a0\u00bb4.19.2&Prime; _module_preset=\u00a0\u00bbdefault\u00a0\u00bb width=\u00a0\u00bb60%\u00a0\u00bb custom_margin=\u00a0\u00bb-44%|-16%|||false|false\u00a0\u00bb global_colors_info=\u00a0\u00bb{}\u00a0\u00bb][\/et_pb_image][\/et_pb_column][et_pb_column type=\u00a0\u00bb1_2&Prime; _builder_version=\u00a0\u00bb4.19.2&Prime; _module_preset=\u00a0\u00bbdefault\u00a0\u00bb global_colors_info=\u00a0\u00bb{}\u00a0\u00bb][et_pb_text _builder_version=\u00a0\u00bb4.19.2&Prime; _module_preset=\u00a0\u00bb77dc59ae-d3bb-4706-af77-37d0da8641e1&Prime; global_colors_info=\u00a0\u00bb{}\u00a0\u00bb]<\/p>\n<h2>Communiquez afin d&rsquo;\u00e9tablir l&rsquo;opportunit\u00e9 ou les possibilit\u00e9s<\/h2>\n<p>[\/et_pb_text][et_pb_text _builder_version=\u00a0\u00bb4.19.2&Prime; _module_preset=\u00a0\u00bbacf62bff-12e2-4ca0-bd77-8d5fcbc86e9e\u00a0\u00bb global_colors_info=\u00a0\u00bb{}\u00a0\u00bb]<\/p>\n<p>Vous \u00eates une entreprise manufacturi\u00e8re ? Vous fabriquez un produit ? Il nous fera tr\u00e8s plaisir de discuter des possibilit\u00e9s du projet afin de d\u00e9marrer d\u00e8s maintenant.<\/p>\n<p>[\/et_pb_text][et_pb_button button_url=\u00a0\u00bbhttps:\/\/www.pidz.live\/services\/index.php?a=add&#038;category=1&Prime; button_text=\u00a0\u00bbEN SAVOIR PLUS\u00a0\u00bb _builder_version=\u00a0\u00bb4.24.3&Prime; _module_preset=\u00a0\u00bb4a9ec432-66fe-46c7-9159-5d910c589ca0&Prime; global_colors_info=\u00a0\u00bb{}\u00a0\u00bb][\/et_pb_button][\/et_pb_column][\/et_pb_row][\/et_pb_section]<\/p>\n","protected":false},"excerpt":{"rendered":"<p>services web (manufacturier)soutien en temps r\u00e9el &amp; intelligence artificielleDepuis de nombreuse ann\u00e9es la technologie permet de r\u00e9pondre \u00e0 l&rsquo;utilisateur en temps r\u00e9el, cette approche tr\u00e8s ponctuelle permet en \u00e9vidence d&rsquo;offrir d&rsquo;excellentes prestations et une r\u00e9ponse instantan\u00e9e aux professionnels sur le site. Ce service prend souvent la forme d&rsquo;une asssistance virtuelle mais dans les faits, il [&hellip;]<\/p>\n","protected":false},"author":1,"featured_media":0,"parent":0,"menu_order":0,"comment_status":"closed","ping_status":"closed","template":"","meta":{"_et_pb_use_builder":"on","_et_pb_old_content":"","_et_gb_content_width":"","footnotes":""},"class_list":["post-1035","page","type-page","status-publish","hentry"],"_links":{"self":[{"href":"https:\/\/pidz.live\/chat\/wp-json\/wp\/v2\/pages\/1035","targetHints":{"allow":["GET"]}}],"collection":[{"href":"https:\/\/pidz.live\/chat\/wp-json\/wp\/v2\/pages"}],"about":[{"href":"https:\/\/pidz.live\/chat\/wp-json\/wp\/v2\/types\/page"}],"author":[{"embeddable":true,"href":"https:\/\/pidz.live\/chat\/wp-json\/wp\/v2\/users\/1"}],"replies":[{"embeddable":true,"href":"https:\/\/pidz.live\/chat\/wp-json\/wp\/v2\/comments?post=1035"}],"version-history":[{"count":20,"href":"https:\/\/pidz.live\/chat\/wp-json\/wp\/v2\/pages\/1035\/revisions"}],"predecessor-version":[{"id":1576,"href":"https:\/\/pidz.live\/chat\/wp-json\/wp\/v2\/pages\/1035\/revisions\/1576"}],"wp:attachment":[{"href":"https:\/\/pidz.live\/chat\/wp-json\/wp\/v2\/media?parent=1035"}],"curies":[{"name":"wp","href":"https:\/\/api.w.org\/{rel}","templated":true}]}}